{"id":2,"date":"2025-02-06T08:33:19","date_gmt":"2025-02-06T08:33:19","guid":{"rendered":"https:\/\/optiker-bogen.de\/?page_id=2"},"modified":"2025-04-14T12:35:15","modified_gmt":"2025-04-14T11:35:15","slug":"sample-page","status":"publish","type":"page","link":"https:\/\/optiker-bogen.de\/?page_id=2","title":{"rendered":"Service"},"content":{"rendered":"\n<h3 class=\"wp-block-heading has-large-font-size\">Unser Optiker-Service im \u00dcberblick<\/h3>\n\n\n\n<ul class=\"wp-block-list\">\n<li>Augenvermessung: objektive und subjektive Refraktion<\/li>\n\n\n\n<li>Sehtest des Binokularsehens<\/li>\n\n\n\n<li>F\u00fchrerschein-Sehtest<\/li>\n\n\n\n<li>Vermessung der Hornhaut<\/li>\n\n\n\n<li>Spaltlampenuntersuchung<\/li>\n\n\n\n<li>Kontaktlinsenservice<\/li>\n\n\n\n<li>Werkstattservice<\/li>\n\n\n\n<li>Kinderbrillen<\/li>\n\n\n\n<li>Myopiekontrolle mit dem MyoCare- Glas von Zeiss<\/li>\n\n\n\n<li>Sportbrillen<\/li>\n\n\n\n<li>Schie\u00dfbrillen<\/li>\n\n\n\n<li>Schutzbrillen<\/li>\n\n\n\n<li>Brillen-Pflegeservice<\/li>\n\n\n\n<li>Zeiss Plus-Garantie<\/li>\n<\/ul>\n\n\n\n<h3 class=\"wp-block-heading\">Vorbeischaun, anschauen, hinschauen<\/h3>\n\n\n\n<p>Beim Zeiss Vision Experten Optik Starcke im Herzen von Bogen ist alles modern: vom Produktangebot bei Brillenfassungen,&nbsp;Brillengl\u00e4sern&nbsp;und&nbsp;Kontaktlinsen&nbsp;\u00fcber die technischen Untersuchungs- und Berechnungs-und Hilfsm\u00f6glichkeiten.<\/p>\n\n\n\n<p><\/p>\n","protected":false},"excerpt":{"rendered":"<p>Unser Optiker-Service im \u00dcberblick Vorbeischaun, anschauen, hinschauen Beim Zeiss Vision Experten Optik Starcke im Herzen von Bogen ist alles modern: vom Produktangebot bei Brillenfassungen,&nbsp;Brillengl\u00e4sern&nbsp;und&nbsp;Kontaktlinsen&nbsp;\u00fcber die technischen Untersuchungs- und Berechnungs-und Hilfsm\u00f6glichkeiten.<\/p>\n","protected":false},"author":1,"featured_media":0,"parent":0,"menu_order":0,"comment_status":"closed","ping_status":"closed","template":"","meta":{"_themeisle_gutenberg_block_has_review":false,"footnotes":""},"class_list":["post-2","page","type-page","status-publish","hentry"],"_links":{"self":[{"href":"https:\/\/optiker-bogen.de\/index.php?rest_route=\/wp\/v2\/pages\/2","targetHints":{"allow":["GET"]}}],"collection":[{"href":"https:\/\/optiker-bogen.de\/index.php?rest_route=\/wp\/v2\/pages"}],"about":[{"href":"https:\/\/optiker-bogen.de\/index.php?rest_route=\/wp\/v2\/types\/page"}],"author":[{"embeddable":true,"href":"https:\/\/optiker-bogen.de\/index.php?rest_route=\/wp\/v2\/users\/1"}],"replies":[{"embeddable":true,"href":"https:\/\/optiker-bogen.de\/index.php?rest_route=%2Fwp%2Fv2%2Fcomments&post=2"}],"version-history":[{"count":3,"href":"https:\/\/optiker-bogen.de\/index.php?rest_route=\/wp\/v2\/pages\/2\/revisions"}],"predecessor-version":[{"id":1106,"href":"https:\/\/optiker-bogen.de\/index.php?rest_route=\/wp\/v2\/pages\/2\/revisions\/1106"}],"wp:attachment":[{"href":"https:\/\/optiker-bogen.de\/index.php?rest_route=%2Fwp%2Fv2%2Fmedia&parent=2"}],"curies":[{"name":"wp","href":"https:\/\/api.w.org\/{rel}","templated":true}]}}